{"id":729,"date":"2020-04-26T02:20:35","date_gmt":"2020-04-26T02:20:35","guid":{"rendered":"https:\/\/virtualhomes.mx\/?page_id=729"},"modified":"2024-01-29T07:27:29","modified_gmt":"2024-01-29T13:27:29","slug":"politica-de-cookies","status":"publish","type":"page","link":"https:\/\/virtualhomes.mx\/en\/politica-de-cookies\/","title":{"rendered":"Cookie Policy"},"content":{"rendered":"<div data-elementor-type=\"wp-page\" data-elementor-id=\"729\" class=\"elementor elementor-729\" data-elementor-post-type=\"page\">\n\t\t\t\t\t\t<section class=\"elementor-section elementor-top-section elementor-element elementor-element-3871c37 elementor-section-boxed elementor-section-height-default elementor-section-height-default\" data-id=\"3871c37\" data-element_type=\"section\" data-e-type=\"section\">\n\t\t\t\t\t\t<div class=\"elementor-container elementor-column-gap-default\">\n\t\t\t\t\t<div class=\"elementor-column elementor-col-100 elementor-top-column elementor-element elementor-element-c031396\" data-id=\"c031396\" data-element_type=\"column\" data-e-type=\"column\">\n\t\t\t<div class=\"elementor-widget-wrap elementor-element-populated\">\n\t\t\t\t\t\t<div class=\"elementor-element elementor-element-8e8b72e elementor-widget elementor-widget-heading\" data-id=\"8e8b72e\" data-element_type=\"widget\" data-e-type=\"widget\" data-widget_type=\"heading.default\">\n\t\t\t\t<div class=\"elementor-widget-container\">\n\t\t\t\t\t<h2 class=\"elementor-heading-title elementor-size-default\">Pol\u00edtica de Cookies<\/h2>\t\t\t\t<\/div>\n\t\t\t\t<\/div>\n\t\t\t\t<div class=\"elementor-element elementor-element-60b9b05 elementor-widget__width-initial elementor-widget-mobile__width-inherit elementor-widget elementor-widget-text-editor\" data-id=\"60b9b05\" data-element_type=\"widget\" data-e-type=\"widget\" data-widget_type=\"text-editor.default\">\n\t\t\t\t<div class=\"elementor-widget-container\">\n\t\t\t\t\t\t\t\t\t<p>Utilizamos cookies propias para mejorar nuestro servicio y mostrar publicidad relacionada a tus preferencias mediante el an\u00e1lisis de h\u00e1bitos de navegaci\u00f3n. Esta pol\u00edtica describe las cookies que usamos y c\u00f3mo puedes cambiar tus preferencias.<\/p>\t\t\t\t\t\t\t\t<\/div>\n\t\t\t\t<\/div>\n\t\t\t\t<div class=\"elementor-element elementor-element-3cc7c35 elementor-widget__width-initial elementor-widget-mobile__width-inherit elementor-widget elementor-widget-text-editor\" data-id=\"3cc7c35\" data-element_type=\"widget\" data-e-type=\"widget\" data-widget_type=\"text-editor.default\">\n\t\t\t\t<div class=\"elementor-widget-container\">\n\t\t\t\t\t\t\t\t\t<p style=\"text-align: left;\"><b>\u00bfQu\u00e9 es una cookie?<\/b><\/p><p style=\"text-align: left;\">Las cookies son peque\u00f1os archivos de texto guardados en tu navegador, que graban tu actividad. Ellos env\u00edan un identificador an\u00f3nimo que se guarda para hacer tu navegaci\u00f3n m\u00e1s sencilla. Por ejemplo, cuando salvas una contrase\u00f1a para no tener que entrarla cada vez. Tambi\u00e9n pueden ser usadas para medir cosas, tal como el tiempo que pasas navegando o las veces que ingresas a una p\u00e1gina. Siempre ser\u00e1s avisado que nuestro sitio utiliza cookies.<\/p><p style=\"text-align: left;\"><b>El uso de cookies<\/b><\/p><p style=\"text-align: left;\">Las cookies que usamos nos permiten reconocer a los usuarios que visitan el sitio varias veces, nos ayudan a comprender los patrones de tr\u00e1fico de los usuarios en nuestro sitio web para que podamos optimizar la navegaci\u00f3n.<\/p><p style=\"text-align: left;\">Podemos usar cookies para recabar informaci\u00f3n sobre el uso de nuestro sitio web. Esas cookies se pueden usar para recolectar informaci\u00f3n t\u00e9cnica detallada como la \u00faltima p\u00e1gina visitada, el n\u00famero de p\u00e1ginas visitadas, si se abrieron comunicaciones por correo electr\u00f3nico, en qu\u00e9 partes de nuestro sitio web o comunicaciones por correo electr\u00f3nico se hace clic y el intervalo de tiempo entre clics.<\/p><p style=\"text-align: left;\">Tambi\u00e9n utilizamos cookies que hacen posibles diversas funciones de utilidad en nuestro sitio web, para brindar anuncios publicitarios m\u00e1s acordes a ti y a tus intereses. Esas cookies pueden recolectar informaci\u00f3n detallada sobre tus h\u00e1bitos de navegaci\u00f3n en nuestro sitio web. Tambi\u00e9n se pueden usar para reconocer cuando vuelvas a visitar el sitio.<\/p><p style=\"text-align: left;\">Podemos utilizar cookies de terceros que incluyen motores de b\u00fasqueda y redes sociales, las cuales nos permiten ofrecerte anuncios que van de acuerdo a tus intereses, tanto en nuestro sitio web, como en otros.<\/p><p style=\"text-align: left;\"><b>\u00bfQu\u00e9 pasa si desactivas las cookies?<\/b><\/p><p style=\"text-align: left;\">Si bloqueas o borras cookies, es posible que no podamos restaurar tus preferencias o ajustes personalizados que hayas especificado antes y estar\u00eda limitada nuestra capacidad para personalizar tu experiencia en l\u00ednea.<\/p><p style=\"text-align: left;\">Para cambiar la configuraci\u00f3n de tu explorador has clic en la versi\u00f3n que utilices:<\/p><ul style=\"text-align: left;\"><li style=\"text-align: left;\" aria-level=\"1\"><a href=\"https:\/\/support.google.com\/accounts\/answer\/61416?hl=es-419\"><b>Google Chrome<\/b><\/a><\/li><li style=\"text-align: left;\" aria-level=\"1\"><a href=\"https:\/\/support.mozilla.org\/es\/products\/firefox\"><b>Mozilla Firefox<\/b><\/a><\/li><li style=\"text-align: left;\" aria-level=\"1\"><a href=\"http:\/\/windows.microsoft.com\/es-mx\/windows-vista\/block-or-allow-cookies\"><b>Internet Explorer<\/b><\/a><\/li><li style=\"text-align: left;\" aria-level=\"1\"><a href=\"http:\/\/help.apple.com\/safari\/mac\/9.0\/?lang=es-mx#\/sfri11471\"><b>Safari<\/b><\/a><\/li><li style=\"text-align: left;\" aria-level=\"1\"><a href=\"http:\/\/help.opera.com\/Windows\/11.50\/es-ES\/cookies.html\"><b>Opera<\/b><\/a><\/li><\/ul><p style=\"text-align: left;\">\u00a0<\/p>\t\t\t\t\t\t\t\t<\/div>\n\t\t\t\t<\/div>\n\t\t\t\t\t<\/div>\n\t\t<\/div>\n\t\t\t\t\t<\/div>\n\t\t<\/section>\n\t\t\t\t<section class=\"elementor-section elementor-top-section elementor-element elementor-element-4419847 elementor-section-full_width elementor-section-height-default elementor-section-height-default\" data-id=\"4419847\" data-element_type=\"section\" data-e-type=\"section\">\n\t\t\t\t\t\t<div class=\"elementor-container elementor-column-gap-default\">\n\t\t\t\t\t<div class=\"elementor-column elementor-col-100 elementor-top-column elementor-element elementor-element-ab7e533\" data-id=\"ab7e533\" data-element_type=\"column\" data-e-type=\"column\">\n\t\t\t<div class=\"elementor-widget-wrap elementor-element-populated\">\n\t\t\t\t\t\t<section class=\"elementor-section elementor-inner-section elementor-element elementor-element-c323857 elementor-section-boxed elementor-section-height-default elementor-section-height-default\" data-id=\"c323857\" data-element_type=\"section\" data-e-type=\"section\">\n\t\t\t\t\t\t<div class=\"elementor-container elementor-column-gap-default\">\n\t\t\t\t\t<div class=\"elementor-column elementor-col-100 elementor-inner-column elementor-element elementor-element-5b68700\" data-id=\"5b68700\" data-element_type=\"column\" data-e-type=\"column\">\n\t\t\t<div class=\"elementor-widget-wrap\">\n\t\t\t\t\t\t\t<\/div>\n\t\t<\/div>\n\t\t\t\t\t<\/div>\n\t\t<\/section>\n\t\t\t\t\t<\/div>\n\t\t<\/div>\n\t\t\t\t\t<\/div>\n\t\t<\/section>\n\t\t\t\t<\/div>","protected":false},"excerpt":{"rendered":"<p>Pol\u00edtica de Cookies Utilizamos cookies propias para mejorar nuestro servicio y mostrar publicidad relacionada a tus preferencias mediante el an\u00e1lisis de h\u00e1bitos de navegaci\u00f3n. Esta pol\u00edtica describe las cookies que usamos y c\u00f3mo puedes cambiar tus preferencias. \u00bfQu\u00e9 es una cookie? Las cookies son peque\u00f1os archivos de texto guardados en tu navegador, que graban tu [&hellip;]<\/p>","protected":false},"author":2,"featured_media":0,"parent":0,"menu_order":0,"comment_status":"closed","ping_status":"closed","template":"elementor_theme","meta":{"inline_featured_image":false,"footnotes":""},"class_list":["post-729","page","type-page","status-publish","hentry"],"_links":{"self":[{"href":"https:\/\/virtualhomes.mx\/en\/wp-json\/wp\/v2\/pages\/729","targetHints":{"allow":["GET"]}}],"collection":[{"href":"https:\/\/virtualhomes.mx\/en\/wp-json\/wp\/v2\/pages"}],"about":[{"href":"https:\/\/virtualhomes.mx\/en\/wp-json\/wp\/v2\/types\/page"}],"author":[{"embeddable":true,"href":"https:\/\/virtualhomes.mx\/en\/wp-json\/wp\/v2\/users\/2"}],"replies":[{"embeddable":true,"href":"https:\/\/virtualhomes.mx\/en\/wp-json\/wp\/v2\/comments?post=729"}],"version-history":[{"count":6,"href":"https:\/\/virtualhomes.mx\/en\/wp-json\/wp\/v2\/pages\/729\/revisions"}],"predecessor-version":[{"id":9335,"href":"https:\/\/virtualhomes.mx\/en\/wp-json\/wp\/v2\/pages\/729\/revisions\/9335"}],"wp:attachment":[{"href":"https:\/\/virtualhomes.mx\/en\/wp-json\/wp\/v2\/media?parent=729"}],"curies":[{"name":"wp","href":"https:\/\/api.w.org\/{rel}","templated":true}]}}