{"id":4388,"date":"2022-07-20T22:05:28","date_gmt":"2022-07-20T22:05:28","guid":{"rendered":"https:\/\/virtualhomes.mx\/?page_id=4388"},"modified":"2022-07-20T22:20:10","modified_gmt":"2022-07-20T22:20:10","slug":"trabajos","status":"publish","type":"page","link":"https:\/\/virtualhomes.mx\/en\/trabajos\/","title":{"rendered":"Trabajos"},"content":{"rendered":"<div data-elementor-type=\"wp-page\" data-elementor-id=\"4388\" class=\"elementor elementor-4388\" data-elementor-post-type=\"page\">\n\t\t\t\t\t\t<section class=\"elementor-section elementor-top-section elementor-element elementor-element-afcd3e7 elementor-section-boxed elementor-section-height-default elementor-section-height-default\" data-id=\"afcd3e7\" data-element_type=\"section\" data-e-type=\"section\">\n\t\t\t\t\t\t<div class=\"elementor-container elementor-column-gap-default\">\n\t\t\t\t\t<div class=\"elementor-column elementor-col-100 elementor-top-column elementor-element elementor-element-bcb5a71\" data-id=\"bcb5a71\" data-element_type=\"column\" data-e-type=\"column\">\n\t\t\t<div class=\"elementor-widget-wrap elementor-element-populated\">\n\t\t\t\t\t\t<div class=\"elementor-element elementor-element-ed3d4ce elementor-grid-eael-col-4 elementor-grid-tablet-eael-col-2 elementor-grid-mobile-eael-col-1 elementor-widget elementor-widget-eael-post-grid\" data-id=\"ed3d4ce\" data-element_type=\"widget\" data-e-type=\"widget\" data-settings=\"{&quot;eael_post_grid_columns&quot;:&quot;eael-col-4&quot;,&quot;eael_post_grid_columns_tablet&quot;:&quot;eael-col-2&quot;,&quot;eael_post_grid_columns_mobile&quot;:&quot;eael-col-1&quot;}\" data-widget_type=\"eael-post-grid.default\">\n\t\t\t\t<div class=\"elementor-widget-container\">\n\t\t\t\t\t<div id=\"eael-post-grid-ed3d4ce\" class=\"eael-post-grid-container\">\n            <div class=\"eael-post-grid eael-post-appender eael-post-appender-ed3d4ce eael-post-grid-style-one\" data-layout-mode=\"masonry\"><article class=\"eael-grid-post  eael-post-grid-column eael-pg-post-4396\" data-id=\"4396\">\n        <div class=\"eael-grid-post-holder\">\n            <div class=\"eael-grid-post-holder-inner\"><div class=\"eael-entry-media\"><div class=\"eael-entry-overlay fade-in\"><i class=\"fas fa-long-arrow-alt-right\" aria-hidden=\"true\"><\/i><a href=\"https:\/\/virtualhomes.mx\/en\/trabajos\/desarrollador-react-js\/\"><\/a><\/div><div class=\"eael-entry-thumbnail\">\n                <img fetchpriority=\"high\" decoding=\"async\" width=\"300\" height=\"200\" src=\"https:\/\/virtualhomes.mx\/wp-content\/uploads\/2022\/07\/AirBnB-ObM11-18-300x200.jpg\" class=\"attachment-medium size-medium wp-image-4048\" alt=\"\" srcset=\"https:\/\/virtualhomes.mx\/wp-content\/uploads\/2022\/07\/AirBnB-ObM11-18-300x200.jpg 300w, https:\/\/virtualhomes.mx\/wp-content\/uploads\/2022\/07\/AirBnB-ObM11-18-1024x682.jpg 1024w, https:\/\/virtualhomes.mx\/wp-content\/uploads\/2022\/07\/AirBnB-ObM11-18-768x511.jpg 768w, https:\/\/virtualhomes.mx\/wp-content\/uploads\/2022\/07\/AirBnB-ObM11-18-1536x1022.jpg 1536w, https:\/\/virtualhomes.mx\/wp-content\/uploads\/2022\/07\/AirBnB-ObM11-18-2048x1363.jpg 2048w\" sizes=\"(max-width: 300px) 100vw, 300px\" \/>\n            <\/div>\n        <\/div><div class=\"eael-entry-wrapper\"><header class=\"eael-entry-header\"><h2 class=\"eael-entry-title\"><a class=\"eael-grid-post-link\" href=\"https:\/\/virtualhomes.mx\/en\/trabajos\/desarrollador-react-js\/\" title=\"Desarrollador React Js\">Desarrollador React Js<\/a><\/h2><\/header><div class=\"eael-entry-content\">\n                        <div class=\"eael-grid-post-excerpt\"><p>Lorem IpsumLorem IpsumLorem IpsumLorem IpsumLorem Ipsum<\/p><a href=\"https:\/\/virtualhomes.mx\/en\/trabajos\/desarrollador-react-js\/\" class=\"eael-post-elements-readmore-btn\">Read more<\/a><\/div>\n                    <\/div><div class=\"eael-entry-footer\"><div class=\"eael-author-avatar\"><a href=\"https:\/\/virtualhomes.mx\/en\/author\/uanaknow\/\"><img loading=\"lazy\" decoding=\"async\" src=\"https:\/\/virtualhomes.mx\/wp-content\/plugins\/ultimate-member\/assets\/img\/default_avatar.jpg\" class=\"gravatar avatar avatar-96 um-avatar um-avatar-default\" width=\"96\" height=\"96\" alt=\"uanaknow uanaknow\" data-default=\"https:\/\/virtualhomes.mx\/wp-content\/plugins\/ultimate-member\/assets\/img\/default_avatar.jpg\" onerror=\"if ( ! this.getAttribute('data-load-error') ){ this.setAttribute('data-load-error', '1');this.setAttribute('src', this.getAttribute('data-default'));}\" \/><\/a><\/div><div class=\"eael-entry-meta\"><span class=\"eael-posted-by\"><a href=\"https:\/\/virtualhomes.mx\/en\/author\/uanaknow\/\" title=\"Posts by uanaknow uanaknow\" rel=\"author\">uanaknow uanaknow<\/a><\/span><span class=\"eael-posted-on\"><time datetime=\"2022-07-20\">2022-07-20<\/time><\/span><\/div><\/div><\/div><\/div>\n        <\/div>\n    <\/article><article class=\"eael-grid-post  eael-post-grid-column eael-pg-post-4395\" data-id=\"4395\">\n        <div class=\"eael-grid-post-holder\">\n            <div class=\"eael-grid-post-holder-inner\"><div class=\"eael-entry-media\"><div class=\"eael-entry-overlay fade-in\"><i class=\"fas fa-long-arrow-alt-right\" aria-hidden=\"true\"><\/i><a href=\"https:\/\/virtualhomes.mx\/en\/trabajos\/data-mining\/\"><\/a><\/div><div class=\"eael-entry-thumbnail\">\n                <img decoding=\"async\" width=\"300\" height=\"300\" src=\"https:\/\/virtualhomes.mx\/wp-content\/uploads\/2022\/07\/Untitled-design-23.png\" class=\"attachment-medium size-medium wp-image-4059\" alt=\"\" srcset=\"https:\/\/virtualhomes.mx\/wp-content\/uploads\/2022\/07\/Untitled-design-23.png 300w, https:\/\/virtualhomes.mx\/wp-content\/uploads\/2022\/07\/Untitled-design-23-150x150.png 150w\" sizes=\"(max-width: 300px) 100vw, 300px\" \/>\n            <\/div>\n        <\/div><div class=\"eael-entry-wrapper\"><header class=\"eael-entry-header\"><h2 class=\"eael-entry-title\"><a class=\"eael-grid-post-link\" href=\"https:\/\/virtualhomes.mx\/en\/trabajos\/data-mining\/\" title=\"Data Mining\">Data Mining<\/a><\/h2><\/header><div class=\"eael-entry-content\">\n                        <div class=\"eael-grid-post-excerpt\"><p><\/p><a href=\"https:\/\/virtualhomes.mx\/en\/trabajos\/data-mining\/\" class=\"eael-post-elements-readmore-btn\">Read more<\/a><\/div>\n                    <\/div><div class=\"eael-entry-footer\"><div class=\"eael-author-avatar\"><a href=\"https:\/\/virtualhomes.mx\/en\/author\/uanaknow\/\"><img loading=\"lazy\" decoding=\"async\" src=\"https:\/\/virtualhomes.mx\/wp-content\/plugins\/ultimate-member\/assets\/img\/default_avatar.jpg\" class=\"gravatar avatar avatar-96 um-avatar um-avatar-default\" width=\"96\" height=\"96\" alt=\"uanaknow uanaknow\" data-default=\"https:\/\/virtualhomes.mx\/wp-content\/plugins\/ultimate-member\/assets\/img\/default_avatar.jpg\" onerror=\"if ( ! this.getAttribute('data-load-error') ){ this.setAttribute('data-load-error', '1');this.setAttribute('src', this.getAttribute('data-default'));}\" \/><\/a><\/div><div class=\"eael-entry-meta\"><span class=\"eael-posted-by\"><a href=\"https:\/\/virtualhomes.mx\/en\/author\/uanaknow\/\" title=\"Posts by uanaknow uanaknow\" rel=\"author\">uanaknow uanaknow<\/a><\/span><span class=\"eael-posted-on\"><time datetime=\"2022-07-20\">2022-07-20<\/time><\/span><\/div><\/div><\/div><\/div>\n        <\/div>\n    <\/article><article class=\"eael-grid-post  eael-post-grid-column eael-pg-post-4394\" data-id=\"4394\">\n        <div class=\"eael-grid-post-holder\">\n            <div class=\"eael-grid-post-holder-inner\"><div class=\"eael-entry-media\"><div class=\"eael-entry-overlay fade-in\"><i class=\"fas fa-long-arrow-alt-right\" aria-hidden=\"true\"><\/i><a href=\"https:\/\/virtualhomes.mx\/en\/trabajos\/desarrollador-web\/\"><\/a><\/div><div class=\"eael-entry-thumbnail\">\n                <img decoding=\"async\" width=\"300\" height=\"169\" src=\"https:\/\/virtualhomes.mx\/wp-content\/uploads\/2022\/06\/jardinzenea-300x169.jpg\" class=\"attachment-medium size-medium wp-image-3793\" alt=\"\" srcset=\"https:\/\/virtualhomes.mx\/wp-content\/uploads\/2022\/06\/jardinzenea-300x169.jpg 300w, https:\/\/virtualhomes.mx\/wp-content\/uploads\/2022\/06\/jardinzenea-768x432.jpg 768w, https:\/\/virtualhomes.mx\/wp-content\/uploads\/2022\/06\/jardinzenea.jpg 886w\" sizes=\"(max-width: 300px) 100vw, 300px\" \/>\n            <\/div>\n        <\/div><div class=\"eael-entry-wrapper\"><header class=\"eael-entry-header\"><h2 class=\"eael-entry-title\"><a class=\"eael-grid-post-link\" href=\"https:\/\/virtualhomes.mx\/en\/trabajos\/desarrollador-web\/\" title=\"Desarrollador Web\">Desarrollador Web<\/a><\/h2><\/header><div class=\"eael-entry-content\">\n                        <div class=\"eael-grid-post-excerpt\"><p>Lorem IpsumLorem IpsumLorem IpsumLorem IpsumLorem Ipsum<\/p><a href=\"https:\/\/virtualhomes.mx\/en\/trabajos\/desarrollador-web\/\" class=\"eael-post-elements-readmore-btn\">Read more<\/a><\/div>\n                    <\/div><div class=\"eael-entry-footer\"><div class=\"eael-author-avatar\"><a href=\"https:\/\/virtualhomes.mx\/en\/author\/uanaknow\/\"><img loading=\"lazy\" decoding=\"async\" src=\"https:\/\/virtualhomes.mx\/wp-content\/plugins\/ultimate-member\/assets\/img\/default_avatar.jpg\" class=\"gravatar avatar avatar-96 um-avatar um-avatar-default\" width=\"96\" height=\"96\" alt=\"uanaknow uanaknow\" data-default=\"https:\/\/virtualhomes.mx\/wp-content\/plugins\/ultimate-member\/assets\/img\/default_avatar.jpg\" onerror=\"if ( ! this.getAttribute('data-load-error') ){ this.setAttribute('data-load-error', '1');this.setAttribute('src', this.getAttribute('data-default'));}\" \/><\/a><\/div><div class=\"eael-entry-meta\"><span class=\"eael-posted-by\"><a href=\"https:\/\/virtualhomes.mx\/en\/author\/uanaknow\/\" title=\"Posts by uanaknow uanaknow\" rel=\"author\">uanaknow uanaknow<\/a><\/span><span class=\"eael-posted-on\"><time datetime=\"2022-07-20\">2022-07-20<\/time><\/span><\/div><\/div><\/div><\/div>\n        <\/div>\n    <\/article><\/div>\n            <div class=\"clearfix\"><\/div>\n        <\/div>\t\t\t\t<\/div>\n\t\t\t\t<\/div>\n\t\t\t\t\t<\/div>\n\t\t<\/div>\n\t\t\t\t\t<\/div>\n\t\t<\/section>\n\t\t\t\t<\/div>","protected":false},"excerpt":{"rendered":"<p>Desarrollador React Js Lorem IpsumLorem IpsumLorem IpsumLorem IpsumLorem Ipsum Leer m\u00e1s uanaknow uanaknow2022-07-20 Data Mining Leer m\u00e1s uanaknow uanaknow2022-07-20 Desarrollador Web Lorem IpsumLorem IpsumLorem IpsumLorem IpsumLorem Ipsum Leer m\u00e1s uanaknow uanaknow2022-07-20<\/p>","protected":false},"author":2,"featured_media":0,"parent":0,"menu_order":0,"comment_status":"closed","ping_status":"closed","template":"elementor_theme","meta":{"inline_featured_image":false,"footnotes":""},"class_list":["post-4388","page","type-page","status-publish","hentry"],"_links":{"self":[{"href":"https:\/\/virtualhomes.mx\/en\/wp-json\/wp\/v2\/pages\/4388","targetHints":{"allow":["GET"]}}],"collection":[{"href":"https:\/\/virtualhomes.mx\/en\/wp-json\/wp\/v2\/pages"}],"about":[{"href":"https:\/\/virtualhomes.mx\/en\/wp-json\/wp\/v2\/types\/page"}],"author":[{"embeddable":true,"href":"https:\/\/virtualhomes.mx\/en\/wp-json\/wp\/v2\/users\/2"}],"replies":[{"embeddable":true,"href":"https:\/\/virtualhomes.mx\/en\/wp-json\/wp\/v2\/comments?post=4388"}],"version-history":[{"count":0,"href":"https:\/\/virtualhomes.mx\/en\/wp-json\/wp\/v2\/pages\/4388\/revisions"}],"wp:attachment":[{"href":"https:\/\/virtualhomes.mx\/en\/wp-json\/wp\/v2\/media?parent=4388"}],"curies":[{"name":"wp","href":"https:\/\/api.w.org\/{rel}","templated":true}]}}