{"id":2450,"date":"2022-02-10T17:05:28","date_gmt":"2022-02-10T17:05:28","guid":{"rendered":"https:\/\/virtualhomes.mx\/?page_id=2450"},"modified":"2022-03-17T13:22:24","modified_gmt":"2022-03-17T13:22:24","slug":"preguntas-frecuentes","status":"publish","type":"page","link":"https:\/\/virtualhomes.mx\/en\/preguntas-frecuentes\/","title":{"rendered":"Preguntas Frecuentes"},"content":{"rendered":"<div data-elementor-type=\"wp-page\" data-elementor-id=\"2450\" class=\"elementor elementor-2450\" data-elementor-post-type=\"page\">\n\t\t\t\t\t\t<section class=\"elementor-section elementor-top-section elementor-element elementor-element-da0ecad elementor-section-boxed elementor-section-height-default elementor-section-height-default\" data-id=\"da0ecad\" data-element_type=\"section\" data-e-type=\"section\">\n\t\t\t\t\t\t<div class=\"elementor-container elementor-column-gap-default\">\n\t\t\t\t\t<div class=\"elementor-column elementor-col-100 elementor-top-column elementor-element elementor-element-c4ce156\" data-id=\"c4ce156\" data-element_type=\"column\" data-e-type=\"column\">\n\t\t\t<div class=\"elementor-widget-wrap elementor-element-populated\">\n\t\t\t\t\t\t<div class=\"elementor-element elementor-element-aac2dce elementor-widget elementor-widget-heading\" data-id=\"aac2dce\" data-element_type=\"widget\" data-e-type=\"widget\" data-widget_type=\"heading.default\">\n\t\t\t\t<div class=\"elementor-widget-container\">\n\t\t\t\t\t<h2 class=\"elementor-heading-title elementor-size-default\">Preguntas frecuentes<\/h2>\t\t\t\t<\/div>\n\t\t\t\t<\/div>\n\t\t\t\t<div class=\"elementor-element elementor-element-7905225 elementor-widget__width-initial elementor-widget-mobile__width-inherit elementor-widget elementor-widget-text-editor\" data-id=\"7905225\" data-element_type=\"widget\" data-e-type=\"widget\" data-widget_type=\"text-editor.default\">\n\t\t\t\t<div class=\"elementor-widget-container\">\n\t\t\t\t\t\t\t\t\tEn este apartado encontrar\u00e1s respuesta a la gran mayor\u00eda de consultas relacionadas con nuestra gesti\u00f3n de los alojamientos.\t\t\t\t\t\t\t\t<\/div>\n\t\t\t\t<\/div>\n\t\t\t\t\t<\/div>\n\t\t<\/div>\n\t\t\t\t\t<\/div>\n\t\t<\/section>\n\t\t\t\t<section class=\"elementor-section elementor-top-section elementor-element elementor-element-59057f1 elementor-section-boxed elementor-section-height-default elementor-section-height-default\" data-id=\"59057f1\" data-element_type=\"section\" data-e-type=\"section\">\n\t\t\t\t\t\t<div class=\"elementor-container elementor-column-gap-default\">\n\t\t\t\t\t<div class=\"elementor-column elementor-col-100 elementor-top-column elementor-element elementor-element-b8a910f\" data-id=\"b8a910f\" data-element_type=\"column\" data-e-type=\"column\">\n\t\t\t<div class=\"elementor-widget-wrap elementor-element-populated\">\n\t\t\t\t\t\t<div class=\"elementor-element elementor-element-9180d04 elementor-widget elementor-widget-toggle\" data-id=\"9180d04\" data-element_type=\"widget\" data-e-type=\"widget\" data-widget_type=\"toggle.default\">\n\t\t\t\t<div class=\"elementor-widget-container\">\n\t\t\t\t\t\t\t<div class=\"elementor-toggle\">\n\t\t\t\t\t\t\t<div class=\"elementor-toggle-item\">\n\t\t\t\t\t<div id=\"elementor-tab-title-1521\" class=\"elementor-tab-title\" data-tab=\"1\" role=\"button\" aria-controls=\"elementor-tab-content-1521\" aria-expanded=\"false\">\n\t\t\t\t\t\t\t\t\t\t\t\t<span class=\"elementor-toggle-icon elementor-toggle-icon-right\" aria-hidden=\"true\">\n\t\t\t\t\t\t\t\t\t\t\t\t\t\t\t<span class=\"elementor-toggle-icon-closed\"><svg class=\"e-font-icon-svg e-fas-arrow-right\" viewbox=\"0 0 448 512\" xmlns=\"http:\/\/www.w3.org\/2000\/svg\"><path d=\"M190.5 66.9l22.2-22.2c9.4-9.4 24.6-9.4 33.9 0L441 239c9.4 9.4 9.4 24.6 0 33.9L246.6 467.3c-9.4 9.4-24.6 9.4-33.9 0l-22.2-22.2c-9.5-9.5-9.3-25 .4-34.3L311.4 296H24c-13.3 0-24-10.7-24-24v-32c0-13.3 10.7-24 24-24h287.4L190.9 101.2c-9.8-9.3-10-24.8-.4-34.3z\"><\/path><\/svg><\/span>\n\t\t\t\t\t\t\t\t<span class=\"elementor-toggle-icon-opened\"><svg class=\"elementor-toggle-icon-opened e-font-icon-svg e-fas-arrow-down\" viewbox=\"0 0 448 512\" xmlns=\"http:\/\/www.w3.org\/2000\/svg\"><path d=\"M413.1 222.5l22.2 22.2c9.4 9.4 9.4 24.6 0 33.9L241 473c-9.4 9.4-24.6 9.4-33.9 0L12.7 278.6c-9.4-9.4-9.4-24.6 0-33.9l22.2-22.2c9.5-9.5 25-9.3 34.3.4L184 343.4V56c0-13.3 10.7-24 24-24h32c13.3 0 24 10.7 24 24v287.4l114.8-120.5c9.3-9.8 24.8-10 34.3-.4z\"><\/path><\/svg><\/span>\n\t\t\t\t\t\t\t\t\t\t\t\t\t<\/span>\n\t\t\t\t\t\t\t\t\t\t\t\t<a class=\"elementor-toggle-title\" tabindex=\"0\">\u00bfPor qu\u00e9 contratar Sereno?<\/a>\n\t\t\t\t\t<\/div>\n\n\t\t\t\t\t<div id=\"elementor-tab-content-1521\" class=\"elementor-tab-content elementor-clearfix\" data-tab=\"1\" role=\"region\" aria-labelledby=\"elementor-tab-title-1521\"><p>Para sacar el m\u00e1ximo rendimiento a su vivienda vacacional, es necesaria una excelente gesti\u00f3n integral de la misma. Si no encuentra tiempo o le resulta complejo la gesti\u00f3n de su apartamento en las distintas plataformas online o atender a sus hu\u00e9spedes, esta opci\u00f3n es para ti.<\/p>\n<p>En Sereno crearemos\/gestionaremos el perfil de su vivienda en las principales plataformas de alquiler tur\u00edstico sacando el m\u00e1ximo partido. Llevaremos a cabo la recepci\u00f3n y atenci\u00f3n de los hu\u00e9spedes en varios idiomas. Gestionaremos su calendario, realizando una variaci\u00f3n continua del precio bas\u00e1ndonos en la estacionalidad, ocupaci\u00f3n y eventos para obtener as\u00ed el mayor beneficio posible. Por \u00faltimo, nos encargaremos de toda la limpieza, preparaci\u00f3n y reposici\u00f3n de la vivienda.<\/p>\n<p>Nuestro servicio no s\u00f3lo es integral, por lo que puede contratar aquello que m\u00e1s se ajuste a las necesidades de su vivienda.<\/p><\/div>\n\t\t\t\t<\/div>\n\t\t\t\t\t\t\t\t\t\t<script type=\"application\/ld+json\">{\"@context\":\"https:\\\/\\\/schema.org\",\"@type\":\"FAQPage\",\"mainEntity\":[{\"@type\":\"Question\",\"name\":\"\\u00bfPor qu\\u00e9 contratar Sereno?\",\"acceptedAnswer\":{\"@type\":\"Answer\",\"text\":\"<p>Para sacar el m\\u00e1ximo rendimiento a su vivienda vacacional, es necesaria una excelente gesti\\u00f3n integral de la misma. Si no encuentra tiempo o le resulta complejo la gesti\\u00f3n de su apartamento en las distintas plataformas online o atender a sus hu\\u00e9spedes, esta opci\\u00f3n es para ti.<\\\/p>\\n<p>En Sereno crearemos\\\/gestionaremos el perfil de su vivienda en las principales plataformas de alquiler tur\\u00edstico sacando el m\\u00e1ximo partido. Llevaremos a cabo la recepci\\u00f3n y atenci\\u00f3n de los hu\\u00e9spedes en varios idiomas. Gestionaremos su calendario, realizando una variaci\\u00f3n continua del precio bas\\u00e1ndonos en la estacionalidad, ocupaci\\u00f3n y eventos para obtener as\\u00ed el mayor beneficio posible. Por \\u00faltimo, nos encargaremos de toda la limpieza, preparaci\\u00f3n y reposici\\u00f3n de la vivienda.<\\\/p>\\n<p>Nuestro servicio no s\\u00f3lo es integral, por lo que puede contratar aquello que m\\u00e1s se ajuste a las necesidades de su vivienda.<\\\/p>\"}}]}<\/script>\n\t\t\t\t\t<\/div>\n\t\t\t\t\t\t<\/div>\n\t\t\t\t<\/div>\n\t\t\t\t<div class=\"elementor-element elementor-element-f56080f elementor-widget elementor-widget-toggle\" data-id=\"f56080f\" data-element_type=\"widget\" data-e-type=\"widget\" data-widget_type=\"toggle.default\">\n\t\t\t\t<div class=\"elementor-widget-container\">\n\t\t\t\t\t\t\t<div class=\"elementor-toggle\">\n\t\t\t\t\t\t\t<div class=\"elementor-toggle-item\">\n\t\t\t\t\t<div id=\"elementor-tab-title-2571\" class=\"elementor-tab-title\" data-tab=\"1\" role=\"button\" aria-controls=\"elementor-tab-content-2571\" aria-expanded=\"false\">\n\t\t\t\t\t\t\t\t\t\t\t\t<span class=\"elementor-toggle-icon elementor-toggle-icon-right\" aria-hidden=\"true\">\n\t\t\t\t\t\t\t\t\t\t\t\t\t\t\t<span class=\"elementor-toggle-icon-closed\"><svg class=\"e-font-icon-svg e-fas-arrow-right\" viewbox=\"0 0 448 512\" xmlns=\"http:\/\/www.w3.org\/2000\/svg\"><path d=\"M190.5 66.9l22.2-22.2c9.4-9.4 24.6-9.4 33.9 0L441 239c9.4 9.4 9.4 24.6 0 33.9L246.6 467.3c-9.4 9.4-24.6 9.4-33.9 0l-22.2-22.2c-9.5-9.5-9.3-25 .4-34.3L311.4 296H24c-13.3 0-24-10.7-24-24v-32c0-13.3 10.7-24 24-24h287.4L190.9 101.2c-9.8-9.3-10-24.8-.4-34.3z\"><\/path><\/svg><\/span>\n\t\t\t\t\t\t\t\t<span class=\"elementor-toggle-icon-opened\"><svg class=\"elementor-toggle-icon-opened e-font-icon-svg e-fas-arrow-down\" viewbox=\"0 0 448 512\" xmlns=\"http:\/\/www.w3.org\/2000\/svg\"><path d=\"M413.1 222.5l22.2 22.2c9.4 9.4 9.4 24.6 0 33.9L241 473c-9.4 9.4-24.6 9.4-33.9 0L12.7 278.6c-9.4-9.4-9.4-24.6 0-33.9l22.2-22.2c9.5-9.5 25-9.3 34.3.4L184 343.4V56c0-13.3 10.7-24 24-24h32c13.3 0 24 10.7 24 24v287.4l114.8-120.5c9.3-9.8 24.8-10 34.3-.4z\"><\/path><\/svg><\/span>\n\t\t\t\t\t\t\t\t\t\t\t\t\t<\/span>\n\t\t\t\t\t\t\t\t\t\t\t\t<a class=\"elementor-toggle-title\" tabindex=\"0\">\u00bfOs podr\u00edais encargar vosotros de gestionar mi perfil de Airbnb?<\/a>\n\t\t\t\t\t<\/div>\n\n\t\t\t\t\t<div id=\"elementor-tab-content-2571\" class=\"elementor-tab-content elementor-clearfix\" data-tab=\"1\" role=\"region\" aria-labelledby=\"elementor-tab-title-2571\"><p>S\u00ed, gestionamos los perfiles en las plataformas de anuncios de alquiler como Airbnb, Vrbo, Wimbu, etc. Tanto en nuestro paquete de servicios de gesti\u00f3n completa del apartamento como en el de gesti\u00f3n online, nos hacemos cargo del tu cuenta para gestionarla completamente y dar la mejor experiencia posible a los hu\u00e9spedes.<\/p><p>Aunque gestionemos tu cuenta, seguir\u00e1s teniendo completo acceso a ella y seguir\u00e1s siendo el propietario de la misma, de modo que puedas ver la comunicaci\u00f3n con los hu\u00e9spedes, precios, etc.<\/p><\/div>\n\t\t\t\t<\/div>\n\t\t\t\t\t\t\t\t\t\t<script type=\"application\/ld+json\">{\"@context\":\"https:\\\/\\\/schema.org\",\"@type\":\"FAQPage\",\"mainEntity\":[{\"@type\":\"Question\",\"name\":\"\\u00bfOs podr\\u00edais encargar vosotros de gestionar mi perfil de Airbnb?\",\"acceptedAnswer\":{\"@type\":\"Answer\",\"text\":\"<p>S\\u00ed, gestionamos los perfiles en las plataformas de anuncios de alquiler como Airbnb, Vrbo, Wimbu, etc. Tanto en nuestro paquete de servicios de gesti\\u00f3n completa del apartamento como en el de gesti\\u00f3n online, nos hacemos cargo del tu cuenta para gestionarla completamente y dar la mejor experiencia posible a los hu\\u00e9spedes.<\\\/p><p>Aunque gestionemos tu cuenta, seguir\\u00e1s teniendo completo acceso a ella y seguir\\u00e1s siendo el propietario de la misma, de modo que puedas ver la comunicaci\\u00f3n con los hu\\u00e9spedes, precios, etc.<\\\/p>\"}}]}<\/script>\n\t\t\t\t\t<\/div>\n\t\t\t\t\t\t<\/div>\n\t\t\t\t<\/div>\n\t\t\t\t<div class=\"elementor-element elementor-element-7d67967 elementor-widget elementor-widget-toggle\" data-id=\"7d67967\" data-element_type=\"widget\" data-e-type=\"widget\" data-widget_type=\"toggle.default\">\n\t\t\t\t<div class=\"elementor-widget-container\">\n\t\t\t\t\t\t\t<div class=\"elementor-toggle\">\n\t\t\t\t\t\t\t<div class=\"elementor-toggle-item\">\n\t\t\t\t\t<div id=\"elementor-tab-title-1311\" class=\"elementor-tab-title\" data-tab=\"1\" role=\"button\" aria-controls=\"elementor-tab-content-1311\" aria-expanded=\"false\">\n\t\t\t\t\t\t\t\t\t\t\t\t<span class=\"elementor-toggle-icon elementor-toggle-icon-right\" aria-hidden=\"true\">\n\t\t\t\t\t\t\t\t\t\t\t\t\t\t\t<span class=\"elementor-toggle-icon-closed\"><svg class=\"e-font-icon-svg e-fas-arrow-right\" viewbox=\"0 0 448 512\" xmlns=\"http:\/\/www.w3.org\/2000\/svg\"><path d=\"M190.5 66.9l22.2-22.2c9.4-9.4 24.6-9.4 33.9 0L441 239c9.4 9.4 9.4 24.6 0 33.9L246.6 467.3c-9.4 9.4-24.6 9.4-33.9 0l-22.2-22.2c-9.5-9.5-9.3-25 .4-34.3L311.4 296H24c-13.3 0-24-10.7-24-24v-32c0-13.3 10.7-24 24-24h287.4L190.9 101.2c-9.8-9.3-10-24.8-.4-34.3z\"><\/path><\/svg><\/span>\n\t\t\t\t\t\t\t\t<span class=\"elementor-toggle-icon-opened\"><svg class=\"elementor-toggle-icon-opened e-font-icon-svg e-fas-arrow-down\" viewbox=\"0 0 448 512\" xmlns=\"http:\/\/www.w3.org\/2000\/svg\"><path d=\"M413.1 222.5l22.2 22.2c9.4 9.4 9.4 24.6 0 33.9L241 473c-9.4 9.4-24.6 9.4-33.9 0L12.7 278.6c-9.4-9.4-9.4-24.6 0-33.9l22.2-22.2c9.5-9.5 25-9.3 34.3.4L184 343.4V56c0-13.3 10.7-24 24-24h32c13.3 0 24 10.7 24 24v287.4l114.8-120.5c9.3-9.8 24.8-10 34.3-.4z\"><\/path><\/svg><\/span>\n\t\t\t\t\t\t\t\t\t\t\t\t\t<\/span>\n\t\t\t\t\t\t\t\t\t\t\t\t<a class=\"elementor-toggle-title\" tabindex=\"0\">Selecci\u00f3n de hu\u00e9spedes. \u00bfEst\u00e1 mi casa en buenas manos?<\/a>\n\t\t\t\t\t<\/div>\n\n\t\t\t\t\t<div id=\"elementor-tab-content-1311\" class=\"elementor-tab-content elementor-clearfix\" data-tab=\"1\" role=\"region\" aria-labelledby=\"elementor-tab-title-1311\"><p>En Sereno queremos que est\u00e9s tranquilo. Somos rigurosos a la hora de seleccionar a nuestros hu\u00e9spedes para s\u00f3lo a admitir a aquellos que cumplan con est\u00e1ndares de calidad como buenas valoraciones, perfil verificado, etc.<\/p><p>Para una mayor tranquilidad siempre recomendamos que nuestros clientes dispongan de un seguro de vivienda tur\u00edstica. En cualquier caso, las propias plataformas de reserva cuentan con seguros para da\u00f1os y hurtos ocasionados por hu\u00e9spedes.<\/p><p>Una vez se produce el chek-out nos encargamos de comprobar que la vivienda se encuentra en buenas condiciones y de prepararla para el siguiente hu\u00e9sped.<\/p><\/div>\n\t\t\t\t<\/div>\n\t\t\t\t\t\t\t\t\t\t<script type=\"application\/ld+json\">{\"@context\":\"https:\\\/\\\/schema.org\",\"@type\":\"FAQPage\",\"mainEntity\":[{\"@type\":\"Question\",\"name\":\"Selecci\\u00f3n de hu\\u00e9spedes. \\u00bfEst\\u00e1 mi casa en buenas manos?\",\"acceptedAnswer\":{\"@type\":\"Answer\",\"text\":\"<p>En Sereno queremos que est\\u00e9s tranquilo. Somos rigurosos a la hora de seleccionar a nuestros hu\\u00e9spedes para s\\u00f3lo a admitir a aquellos que cumplan con est\\u00e1ndares de calidad como buenas valoraciones, perfil verificado, etc.<\\\/p><p>Para una mayor tranquilidad siempre recomendamos que nuestros clientes dispongan de un seguro de vivienda tur\\u00edstica. En cualquier caso, las propias plataformas de reserva cuentan con seguros para da\\u00f1os y hurtos ocasionados por hu\\u00e9spedes.<\\\/p><p>Una vez se produce el chek-out nos encargamos de comprobar que la vivienda se encuentra en buenas condiciones y de prepararla para el siguiente hu\\u00e9sped.<\\\/p>\"}}]}<\/script>\n\t\t\t\t\t<\/div>\n\t\t\t\t\t\t<\/div>\n\t\t\t\t<\/div>\n\t\t\t\t<div class=\"elementor-element elementor-element-84f7244 elementor-widget elementor-widget-toggle\" data-id=\"84f7244\" data-element_type=\"widget\" data-e-type=\"widget\" data-widget_type=\"toggle.default\">\n\t\t\t\t<div class=\"elementor-widget-container\">\n\t\t\t\t\t\t\t<div class=\"elementor-toggle\">\n\t\t\t\t\t\t\t<div class=\"elementor-toggle-item\">\n\t\t\t\t\t<div id=\"elementor-tab-title-1391\" class=\"elementor-tab-title\" data-tab=\"1\" role=\"button\" aria-controls=\"elementor-tab-content-1391\" aria-expanded=\"false\">\n\t\t\t\t\t\t\t\t\t\t\t\t<span class=\"elementor-toggle-icon elementor-toggle-icon-right\" aria-hidden=\"true\">\n\t\t\t\t\t\t\t\t\t\t\t\t\t\t\t<span class=\"elementor-toggle-icon-closed\"><svg class=\"e-font-icon-svg e-fas-arrow-right\" viewbox=\"0 0 448 512\" xmlns=\"http:\/\/www.w3.org\/2000\/svg\"><path d=\"M190.5 66.9l22.2-22.2c9.4-9.4 24.6-9.4 33.9 0L441 239c9.4 9.4 9.4 24.6 0 33.9L246.6 467.3c-9.4 9.4-24.6 9.4-33.9 0l-22.2-22.2c-9.5-9.5-9.3-25 .4-34.3L311.4 296H24c-13.3 0-24-10.7-24-24v-32c0-13.3 10.7-24 24-24h287.4L190.9 101.2c-9.8-9.3-10-24.8-.4-34.3z\"><\/path><\/svg><\/span>\n\t\t\t\t\t\t\t\t<span class=\"elementor-toggle-icon-opened\"><svg class=\"elementor-toggle-icon-opened e-font-icon-svg e-fas-arrow-down\" viewbox=\"0 0 448 512\" xmlns=\"http:\/\/www.w3.org\/2000\/svg\"><path d=\"M413.1 222.5l22.2 22.2c9.4 9.4 9.4 24.6 0 33.9L241 473c-9.4 9.4-24.6 9.4-33.9 0L12.7 278.6c-9.4-9.4-9.4-24.6 0-33.9l22.2-22.2c9.5-9.5 25-9.3 34.3.4L184 343.4V56c0-13.3 10.7-24 24-24h32c13.3 0 24 10.7 24 24v287.4l114.8-120.5c9.3-9.8 24.8-10 34.3-.4z\"><\/path><\/svg><\/span>\n\t\t\t\t\t\t\t\t\t\t\t\t\t<\/span>\n\t\t\t\t\t\t\t\t\t\t\t\t<a class=\"elementor-toggle-title\" tabindex=\"0\">\u00bfC\u00f3mo recib\u00eds a los hu\u00e9spedes?<\/a>\n\t\t\t\t\t<\/div>\n\n\t\t\t\t\t<div id=\"elementor-tab-content-1391\" class=\"elementor-tab-content elementor-clearfix\" data-tab=\"1\" role=\"region\" aria-labelledby=\"elementor-tab-title-1391\"><p>Disponemos de una soluci\u00f3n de acceso de \u00faltima tecnolog\u00eda, adaptada a cualquier tipo de vivienda, la cual nos permite recibir a los hu\u00e9spedes de una forma remota, segura y sencilla las 24h.<\/p><p>Nunca llegamos tarde a nuestra cita. Los hu\u00e9spedes punt\u00faan con mayores notas los establecimientos con acceso automatizado ya que les proporcionan una experiencia m\u00e1s c\u00f3moda, sin preocupaciones de horas de llegadas.<\/p><\/div>\n\t\t\t\t<\/div>\n\t\t\t\t\t\t\t\t\t\t<script type=\"application\/ld+json\">{\"@context\":\"https:\\\/\\\/schema.org\",\"@type\":\"FAQPage\",\"mainEntity\":[{\"@type\":\"Question\",\"name\":\"\\u00bfC\\u00f3mo recib\\u00eds a los hu\\u00e9spedes?\",\"acceptedAnswer\":{\"@type\":\"Answer\",\"text\":\"<p>Disponemos de una soluci\\u00f3n de acceso de \\u00faltima tecnolog\\u00eda, adaptada a cualquier tipo de vivienda, la cual nos permite recibir a los hu\\u00e9spedes de una forma remota, segura y sencilla las 24h.<\\\/p><p>Nunca llegamos tarde a nuestra cita. Los hu\\u00e9spedes punt\\u00faan con mayores notas los establecimientos con acceso automatizado ya que les proporcionan una experiencia m\\u00e1s c\\u00f3moda, sin preocupaciones de horas de llegadas.<\\\/p>\"}}]}<\/script>\n\t\t\t\t\t<\/div>\n\t\t\t\t\t\t<\/div>\n\t\t\t\t<\/div>\n\t\t\t\t<div class=\"elementor-element elementor-element-d6609c3 elementor-widget elementor-widget-toggle\" data-id=\"d6609c3\" data-element_type=\"widget\" data-e-type=\"widget\" data-widget_type=\"toggle.default\">\n\t\t\t\t<div class=\"elementor-widget-container\">\n\t\t\t\t\t\t\t<div class=\"elementor-toggle\">\n\t\t\t\t\t\t\t<div class=\"elementor-toggle-item\">\n\t\t\t\t\t<div id=\"elementor-tab-title-2241\" class=\"elementor-tab-title\" data-tab=\"1\" role=\"button\" aria-controls=\"elementor-tab-content-2241\" aria-expanded=\"false\">\n\t\t\t\t\t\t\t\t\t\t\t\t<span class=\"elementor-toggle-icon elementor-toggle-icon-right\" aria-hidden=\"true\">\n\t\t\t\t\t\t\t\t\t\t\t\t\t\t\t<span class=\"elementor-toggle-icon-closed\"><svg class=\"e-font-icon-svg e-fas-arrow-right\" viewbox=\"0 0 448 512\" xmlns=\"http:\/\/www.w3.org\/2000\/svg\"><path d=\"M190.5 66.9l22.2-22.2c9.4-9.4 24.6-9.4 33.9 0L441 239c9.4 9.4 9.4 24.6 0 33.9L246.6 467.3c-9.4 9.4-24.6 9.4-33.9 0l-22.2-22.2c-9.5-9.5-9.3-25 .4-34.3L311.4 296H24c-13.3 0-24-10.7-24-24v-32c0-13.3 10.7-24 24-24h287.4L190.9 101.2c-9.8-9.3-10-24.8-.4-34.3z\"><\/path><\/svg><\/span>\n\t\t\t\t\t\t\t\t<span class=\"elementor-toggle-icon-opened\"><svg class=\"elementor-toggle-icon-opened e-font-icon-svg e-fas-arrow-down\" viewbox=\"0 0 448 512\" xmlns=\"http:\/\/www.w3.org\/2000\/svg\"><path d=\"M413.1 222.5l22.2 22.2c9.4 9.4 9.4 24.6 0 33.9L241 473c-9.4 9.4-24.6 9.4-33.9 0L12.7 278.6c-9.4-9.4-9.4-24.6 0-33.9l22.2-22.2c9.5-9.5 25-9.3 34.3.4L184 343.4V56c0-13.3 10.7-24 24-24h32c13.3 0 24 10.7 24 24v287.4l114.8-120.5c9.3-9.8 24.8-10 34.3-.4z\"><\/path><\/svg><\/span>\n\t\t\t\t\t\t\t\t\t\t\t\t\t<\/span>\n\t\t\t\t\t\t\t\t\t\t\t\t<a class=\"elementor-toggle-title\" tabindex=\"0\">Servicio de limpieza<\/a>\n\t\t\t\t\t<\/div>\n\n\t\t\t\t\t<div id=\"elementor-tab-content-2241\" class=\"elementor-tab-content elementor-clearfix\" data-tab=\"1\" role=\"region\" aria-labelledby=\"elementor-tab-title-2241\"><p>Sereno ofrece un servicio profesional que incluye limpieza de ba\u00f1os y cocinas, preparaci\u00f3n y presentaci\u00f3n de camas, barrido y fregado de toda la vivienda y retirada de basura.<\/p><p>Ser\u00e1 necesario que el propietario provea de aquellos productos de reposici\u00f3n como s\u00e1banas y toallas, las cuales nos encargaremos de lavar y reponer. Los productos de limpieza ser\u00e1n provistos por nuestros servicios, aunque no es obligatorio, se ruega disponer de utensilios de limpieza tanto como sea posible.<\/p><p>Los gastos de limpieza siempre corren a gasto del hu\u00e9sped y Sereno factura el servicio a los propietarios.<\/p><\/div>\n\t\t\t\t<\/div>\n\t\t\t\t\t\t\t\t\t\t<script type=\"application\/ld+json\">{\"@context\":\"https:\\\/\\\/schema.org\",\"@type\":\"FAQPage\",\"mainEntity\":[{\"@type\":\"Question\",\"name\":\"Servicio de limpieza\",\"acceptedAnswer\":{\"@type\":\"Answer\",\"text\":\"<p>Sereno ofrece un servicio profesional que incluye limpieza de ba\\u00f1os y cocinas, preparaci\\u00f3n y presentaci\\u00f3n de camas, barrido y fregado de toda la vivienda y retirada de basura.<\\\/p><p>Ser\\u00e1 necesario que el propietario provea de aquellos productos de reposici\\u00f3n como s\\u00e1banas y toallas, las cuales nos encargaremos de lavar y reponer. Los productos de limpieza ser\\u00e1n provistos por nuestros servicios, aunque no es obligatorio, se ruega disponer de utensilios de limpieza tanto como sea posible.<\\\/p><p>Los gastos de limpieza siempre corren a gasto del hu\\u00e9sped y Sereno factura el servicio a los propietarios.<\\\/p>\"}}]}<\/script>\n\t\t\t\t\t<\/div>\n\t\t\t\t\t\t<\/div>\n\t\t\t\t<\/div>\n\t\t\t\t<div class=\"elementor-element elementor-element-cf9e723 elementor-widget elementor-widget-toggle\" data-id=\"cf9e723\" data-element_type=\"widget\" data-e-type=\"widget\" data-widget_type=\"toggle.default\">\n\t\t\t\t<div class=\"elementor-widget-container\">\n\t\t\t\t\t\t\t<div class=\"elementor-toggle\">\n\t\t\t\t\t\t\t<div class=\"elementor-toggle-item\">\n\t\t\t\t\t<div id=\"elementor-tab-title-2171\" class=\"elementor-tab-title\" data-tab=\"1\" role=\"button\" aria-controls=\"elementor-tab-content-2171\" aria-expanded=\"false\">\n\t\t\t\t\t\t\t\t\t\t\t\t<span class=\"elementor-toggle-icon elementor-toggle-icon-right\" aria-hidden=\"true\">\n\t\t\t\t\t\t\t\t\t\t\t\t\t\t\t<span class=\"elementor-toggle-icon-closed\"><svg class=\"e-font-icon-svg e-fas-arrow-right\" viewbox=\"0 0 448 512\" xmlns=\"http:\/\/www.w3.org\/2000\/svg\"><path d=\"M190.5 66.9l22.2-22.2c9.4-9.4 24.6-9.4 33.9 0L441 239c9.4 9.4 9.4 24.6 0 33.9L246.6 467.3c-9.4 9.4-24.6 9.4-33.9 0l-22.2-22.2c-9.5-9.5-9.3-25 .4-34.3L311.4 296H24c-13.3 0-24-10.7-24-24v-32c0-13.3 10.7-24 24-24h287.4L190.9 101.2c-9.8-9.3-10-24.8-.4-34.3z\"><\/path><\/svg><\/span>\n\t\t\t\t\t\t\t\t<span class=\"elementor-toggle-icon-opened\"><svg class=\"elementor-toggle-icon-opened e-font-icon-svg e-fas-arrow-down\" viewbox=\"0 0 448 512\" xmlns=\"http:\/\/www.w3.org\/2000\/svg\"><path d=\"M413.1 222.5l22.2 22.2c9.4 9.4 9.4 24.6 0 33.9L241 473c-9.4 9.4-24.6 9.4-33.9 0L12.7 278.6c-9.4-9.4-9.4-24.6 0-33.9l22.2-22.2c9.5-9.5 25-9.3 34.3.4L184 343.4V56c0-13.3 10.7-24 24-24h32c13.3 0 24 10.7 24 24v287.4l114.8-120.5c9.3-9.8 24.8-10 34.3-.4z\"><\/path><\/svg><\/span>\n\t\t\t\t\t\t\t\t\t\t\t\t\t<\/span>\n\t\t\t\t\t\t\t\t\t\t\t\t<a class=\"elementor-toggle-title\" tabindex=\"0\">\u00bfQu\u00e9 requisitos he de cumplir para trabajar con Sereno?<\/a>\n\t\t\t\t\t<\/div>\n\n\t\t\t\t\t<div id=\"elementor-tab-content-2171\" class=\"elementor-tab-content elementor-clearfix\" data-tab=\"1\" role=\"region\" aria-labelledby=\"elementor-tab-title-2171\">Los alojamientos deben estar bien ubicados y cumplir los requisitos de los alquileres de corta duraci\u00f3n: encontrarse en buen estado, cumplir con la normativa en vigor y estar totalmente amueblados y equipados. Conf\u00edanos tu propiedad y podr\u00e1s disfrutar de un sistema sencillo, unos ingresos seguros y regulares y, sobre todo, la tranquilidad de saber que tu alojamiento est\u00e1 en buenas manos.<\/div>\n\t\t\t\t<\/div>\n\t\t\t\t\t\t\t\t\t\t<script type=\"application\/ld+json\">{\"@context\":\"https:\\\/\\\/schema.org\",\"@type\":\"FAQPage\",\"mainEntity\":[{\"@type\":\"Question\",\"name\":\"\\u00bfQu\\u00e9 requisitos he de cumplir para trabajar con Sereno?\",\"acceptedAnswer\":{\"@type\":\"Answer\",\"text\":\"Los alojamientos deben estar bien ubicados y cumplir los requisitos de los alquileres de corta duraci\\u00f3n: encontrarse en buen estado, cumplir con la normativa en vigor y estar totalmente amueblados y equipados. Conf\\u00edanos tu propiedad y podr\\u00e1s disfrutar de un sistema sencillo, unos ingresos seguros y regulares y, sobre todo, la tranquilidad de saber que tu alojamiento est\\u00e1 en buenas manos.\"}}]}<\/script>\n\t\t\t\t\t<\/div>\n\t\t\t\t\t\t<\/div>\n\t\t\t\t<\/div>\n\t\t\t\t\t<\/div>\n\t\t<\/div>\n\t\t\t\t\t<\/div>\n\t\t<\/section>\n\t\t\t\t<\/div>","protected":false},"excerpt":{"rendered":"<p>Preguntas frecuentes En este apartado encontrar\u00e1s respuesta a la gran mayor\u00eda de consultas relacionadas con nuestra gesti\u00f3n de los alojamientos. \u00bfPor qu\u00e9 contratar Sereno? Para sacar el m\u00e1ximo rendimiento a su vivienda vacacional, es necesaria una excelente gesti\u00f3n integral de la misma. Si no encuentra tiempo o le resulta complejo la gesti\u00f3n de su apartamento [&hellip;]<\/p>","protected":false},"author":2,"featured_media":0,"parent":0,"menu_order":0,"comment_status":"closed","ping_status":"closed","template":"elementor_theme","meta":{"inline_featured_image":false,"footnotes":""},"class_list":["post-2450","page","type-page","status-publish","hentry"],"_links":{"self":[{"href":"https:\/\/virtualhomes.mx\/en\/wp-json\/wp\/v2\/pages\/2450","targetHints":{"allow":["GET"]}}],"collection":[{"href":"https:\/\/virtualhomes.mx\/en\/wp-json\/wp\/v2\/pages"}],"about":[{"href":"https:\/\/virtualhomes.mx\/en\/wp-json\/wp\/v2\/types\/page"}],"author":[{"embeddable":true,"href":"https:\/\/virtualhomes.mx\/en\/wp-json\/wp\/v2\/users\/2"}],"replies":[{"embeddable":true,"href":"https:\/\/virtualhomes.mx\/en\/wp-json\/wp\/v2\/comments?post=2450"}],"version-history":[{"count":0,"href":"https:\/\/virtualhomes.mx\/en\/wp-json\/wp\/v2\/pages\/2450\/revisions"}],"wp:attachment":[{"href":"https:\/\/virtualhomes.mx\/en\/wp-json\/wp\/v2\/media?parent=2450"}],"curies":[{"name":"wp","href":"https:\/\/api.w.org\/{rel}","templated":true}]}}